{"id":2528,"date":"2020-09-15T18:24:34","date_gmt":"2020-09-15T16:24:34","guid":{"rendered":"https:\/\/eurogestsrl.com\/dienstleistungen\/distruzione-sicura\/"},"modified":"2022-05-11T11:23:17","modified_gmt":"2022-05-11T09:23:17","slug":"sichere-vernichtung-sensibler-dokumente","status":"publish","type":"page","link":"https:\/\/eurogestsrl.com\/de\/dienstleistungen\/sichere-vernichtung-sensibler-dokumente\/","title":{"rendered":"Sichere Vernichtung sensibler Dokumente"},"content":{"rendered":"<div class=\"wpb-content-wrapper\"><p>[vc_row css=&#8221;.vc_custom_1547915254529{padding-top: 100px !important;padding-bottom: 100px !important;}&#8221;][vc_column width=&#8221;2\/3&#8243;][vc_empty_space height=&#8221;5px&#8221; el_id=&#8221;digitalizzazione&#8221;]<div class=\"title-subtile-holder text-left\"><h1 class=\"section-subtitle  dark_subtitle\">Sichere Vernichtung sensibler Dokumente<\/h1><p class=\"section-description  dark_description\"><\/p><\/div>[vc_column_text]Dokumente, die sensible und\/oder vertrauliche Daten enthalten, m\u00fcssen ordnungsgem\u00e4\u00df und sicher vernichtet werden, sobald sie ihre Zweckm\u00e4\u00dfigkeit verloren haben \u2013 der Papierkorb ist hierf\u00fcr der falsche Ort. Die EU-Verordnung 679\/2016, die am 25. Mai 2018 in Kraft getreten ist, regelt, wie Dokumente dieser Art zu behandeln sind.<\/p>\n<p><a href=\"https:\/\/www.adacta.bz.it\/\" target=\"_blank\" rel=\"noopener\">Ad Acta<\/a>, ein Unternehmen, das durch die Zusammenarbeit der Stadtwerke Brixen AG und Eurogest entstanden ist, bietet einen zertifizierten Service f\u00fcr die Vernichtung von Dokumenten und elektronischen Medien, die sensible oder vertrauliche Daten enthalten. Es gew\u00e4hrleistet die endg\u00fcltige Vernichtung der Unterlagen laut DIN-Norm 66399, gem\u00e4\u00df den Vorgaben des gesetzesvertretenden Dekrets 193\/2003 und der EU-Vorgabe 2016\/679.[\/vc_column_text][\/vc_column][vc_column width=&#8221;1\/3&#8243; el_class=&#8221;right-sidebar-menu-page&#8221;]<a href=\"#\"><style type=\"text\/css\">\n                .mt-icon-list-item.list_custom_69dede72a3c0a:hover i, \n                .mt-icon-list-item.list_custom_69dede72a3c0a i:hover {\n                    color: #c93636 !important;\n                }\n                .mt-icon-list-item.list_custom_69dede72a3c0a:hover {\n                \tbackground-color:#f7f7f7 !important;\n                }\n                .mt-icon-list-item.list_custom_69dede72a3c0a:hover .mt-icon-list-text ,\n                .mt-icon-list-item.list_custom_69dede72a3c0a:hover .mt-icon-list-text:hover{\n                \tcolor:#c93636 !important;\n                }\n              <\/style><div style=\"background-color:#c93636; padding:20px 20px 20px 20px;\" \n\tclass=\"mt-icon-list-item list_custom_69dede72a3c0a \"><div class=\"mt-icon-list-icon-holder\">\n                  <div class=\"mt-icon-list-icon-holder-inner clearfix\"><i style=\"margin-left: px; margin-right:10px; color:#ffffff;font-size:15px\" class=\"fa fa-file-pdf-o\"><\/i><\/div>\n                <\/div>\n                <p class=\"mt-icon-list-text\" style=\"font-size: 15px; color: #ffffff\">Firmenprofil herunterladen<\/p><\/div><\/a>[vc_empty_space height=&#8221;10px&#8221;][vc_custom_heading text=&#8221;Kontakt&#8221; font_container=&#8221;tag:h4|font_size:22px|text_align:left|color:%23ffffff&#8221; use_theme_fonts=&#8221;yes&#8221; css=&#8221;.vc_custom_1652260994278{margin-top: 0px !important;margin-bottom: 0px !important;padding-top: 22px !important;padding-right: 20px !important;padding-bottom: 22px !important;padding-left: 20px !important;background-color: #c93636 !important;}&#8221;][vc_row_inner css=&#8221;.vc_custom_1548096739113{margin-top: 0px !important;margin-right: 0px !important;margin-bottom: 0px !important;margin-left: 0px !important;background-color: #f7f7f7 !important;}&#8221; el_id=&#8221;lets-help-you-section&#8221;][vc_column_inner css=&#8221;.vc_custom_1547904927772{padding-top: 30px !important;padding-right: 20px !important;padding-bottom: 30px !important;padding-left: 20px !important;}&#8221;]<div class=\"mt-icon-listgroup-item no-shadow style3 \"><div class=\"mt-icon-listgroup-holder\">\n                  <div class=\"mt-icon-listgroup-icon-holder-inner\"><a ><i style=\"margin-right:15px; color:#c93636;font-size:20px\" class=\"fa fa-phone\"><\/i><\/a><\/div>\n                <div class=\"mt-icon-listgroup-content-holder-inner-description\">\n                <div class=\"mt-icon-listgroup-content-holder-inner\">\n                  \n                  <a  class=\"mt-icon-listgroup-title\" style=\"font-size: 20px; color: #c93636\">Telefon<\/a><\/div><div class=\"mt-icon-listgroup-description\">\n                <p class=\"mt-icon-listgroup-text\" style=\"font-size: 15px; color: #666666\">+39 0471 096 700<\/p><\/div><\/div>\n\n              <\/div><\/div>[vc_empty_space height=&#8221;30px&#8221;]<div class=\"mt-icon-listgroup-item no-shadow style3 \"><div class=\"mt-icon-listgroup-holder\">\n                  <div class=\"mt-icon-listgroup-icon-holder-inner\"><a ><i style=\"margin-right:15px; color:#c93636;font-size:20px\" class=\"fa fa-envelope\"><\/i><\/a><\/div>\n                <div class=\"mt-icon-listgroup-content-holder-inner-description\">\n                <div class=\"mt-icon-listgroup-content-holder-inner\">\n                  \n                  <a href=\"#\" class=\"mt-icon-listgroup-title\" style=\"font-size: 20px; color: #c93636\">E-mail<\/a><\/div><div class=\"mt-icon-listgroup-description\">\n                <p class=\"mt-icon-listgroup-text\" style=\"font-size: 15px; color: #666666\">info@eurogestsrl.com<\/p><\/div><\/div>\n\n              <\/div><\/div>[vc_empty_space height=&#8221;30px&#8221;]<div class=\"mt-icon-listgroup-item no-shadow style3 \"><div class=\"mt-icon-listgroup-holder\">\n                  <div class=\"mt-icon-listgroup-icon-holder-inner\"><a ><i style=\"margin-right:15px; color:#c93636;font-size:20px\" class=\"fa fa-globe\"><\/i><\/a><\/div>\n                <div class=\"mt-icon-listgroup-content-holder-inner-description\">\n                <div class=\"mt-icon-listgroup-content-holder-inner\">\n                  \n                  <a href=\"#\" class=\"mt-icon-listgroup-title\" style=\"font-size: 20px; color: #c93636\">Firmensitz<\/a><\/div><div class=\"mt-icon-listgroup-description\">\n                <p class=\"mt-icon-listgroup-text\" style=\"font-size: 15px; color: #666666\">Gewerbegebiet Kardaun, 21 - 39053 Karneid (BZ)<\/p><\/div><\/div>\n\n              <\/div><\/div>[\/vc_column_inner][\/vc_row_inner][\/vc_column][\/vc_row][vc_row full_width=&#8221;stretch_row&#8221; css=&#8221;.vc_custom_1600089176353{margin-bottom: 0px !important;background-color: #c93636 !important;}&#8221;][vc_column css=&#8221;.vc_custom_1544894527716{padding-top: 0px !important;}&#8221;][vc_row_inner css=&#8221;.vc_custom_1544894462530{margin-bottom: 0px !important;}&#8221;][vc_column_inner width=&#8221;2\/3&#8243; css=&#8221;.vc_custom_1545085551584{padding-top: 10px !important;}&#8221;][vc_custom_heading text=&#8221;Sie wollen sich beraten lassen?&#8221; font_container=&#8221;tag:h4|font_size:24px|text_align:left|color:%23ffffff|line_height:24px&#8221; use_theme_fonts=&#8221;yes&#8221; css=&#8221;.vc_custom_1652260059920{margin-top: 27px !important;margin-bottom: 0px !important;}&#8221; el_class=&#8221;needs-experience-consultant-heading&#8221;][\/vc_column_inner][vc_column_inner width=&#8221;1\/3&#8243; css=&#8221;.vc_custom_1545085569470{padding-top: 10px !important;}&#8221;]<style type=\"text\/css\">\n                .sweetthemes_button .btn_custom_69dede72a3ff1 {\n                    background: rgba(255,255,255,0.99) !important;\n                }\n                .sweetthemes_button .btn_custom_69dede72a3ff1:hover {                   \n                    color: rgba(255,255,255,0.99) !important;                     \n                }\n                .sweetthemes_button .btn_custom_69dede72a3ff1:before {\n                    background: #000000 !important;\n                }\n\n              <\/style><div class=\"text-right sweetthemes_button \"><a target=\"_blank\" href=\"https:\/\/eurogestsrl.com\/de\/kontakt\/\" class=\"button-winona btn btn-sm btn_custom_69dede72a3ff1\" style=\"color:#000000\">\n    Kontaktieren Sie uns\n        <i class=\"fa fa-chevron-right\"><\/i>\n    <\/a><\/div>[\/vc_column_inner][\/vc_row_inner]<div class=\"st_particles_shortcode st_particles\"><div id=\"particles-js\"><\/div><\/div>[vc_empty_space height=&#8221;20px&#8221;][\/vc_column][\/vc_row]<\/p>\n<\/div>","protected":false},"excerpt":{"rendered":"<p>[vc_row css=&#8221;.vc_custom_1547915254529{padding-top: 100px !important;padding-bottom: 100px !important;}&#8221;][vc_column width=&#8221;2\/3&#8243;][vc_empty_space height=&#8221;5px&#8221; el_id=&#8221;digitalizzazione&#8221;][vc_column_text]Dokumente, die sensible und\/oder vertrauliche Daten enthalten, m\u00fcssen ordnungsgem\u00e4\u00df und sicher vernichtet werden, sobald sie ihre Zweckm\u00e4\u00dfigkeit verloren haben \u2013 der Papierkorb ist hierf\u00fcr der falsche Ort. Die EU-Verordnung 679\/2016, die am 25. Mai 2018 in Kraft getreten ist, regelt, wie Dokumente dieser Art zu behandeln sind. [&hellip;]<\/p>\n","protected":false},"author":1,"featured_media":0,"parent":2508,"menu_order":0,"comment_status":"closed","ping_status":"closed","template":"","meta":{"inline_featured_image":false,"footnotes":""},"class_list":["post-2528","page","type-page","status-publish","hentry"],"_links":{"self":[{"href":"https:\/\/eurogestsrl.com\/de\/wp-json\/wp\/v2\/pages\/2528","targetHints":{"allow":["GET"]}}],"collection":[{"href":"https:\/\/eurogestsrl.com\/de\/wp-json\/wp\/v2\/pages"}],"about":[{"href":"https:\/\/eurogestsrl.com\/de\/wp-json\/wp\/v2\/types\/page"}],"author":[{"embeddable":true,"href":"https:\/\/eurogestsrl.com\/de\/wp-json\/wp\/v2\/users\/1"}],"replies":[{"embeddable":true,"href":"https:\/\/eurogestsrl.com\/de\/wp-json\/wp\/v2\/comments?post=2528"}],"version-history":[{"count":5,"href":"https:\/\/eurogestsrl.com\/de\/wp-json\/wp\/v2\/pages\/2528\/revisions"}],"predecessor-version":[{"id":2539,"href":"https:\/\/eurogestsrl.com\/de\/wp-json\/wp\/v2\/pages\/2528\/revisions\/2539"}],"up":[{"embeddable":true,"href":"https:\/\/eurogestsrl.com\/de\/wp-json\/wp\/v2\/pages\/2508"}],"wp:attachment":[{"href":"https:\/\/eurogestsrl.com\/de\/wp-json\/wp\/v2\/media?parent=2528"}],"curies":[{"name":"wp","href":"https:\/\/api.w.org\/{rel}","templated":true}]}}