{"id":2522,"date":"2020-09-15T18:00:28","date_gmt":"2020-09-15T16:00:28","guid":{"rendered":"https:\/\/eurogestsrl.com\/dienstleistungen\/archiviazione-fisica-e-digitale\/"},"modified":"2022-05-11T17:38:08","modified_gmt":"2022-05-11T15:38:08","slug":"physische-und-digitale-archivierung","status":"publish","type":"page","link":"https:\/\/eurogestsrl.com\/de\/dienstleistungen\/physische-und-digitale-archivierung\/","title":{"rendered":"Physische und digitale Archivierung"},"content":{"rendered":"<div class=\"wpb-content-wrapper\"><p>[vc_row css=&#8221;.vc_custom_1547915254529{padding-top: 100px !important;padding-bottom: 100px !important;}&#8221;][vc_column width=&#8221;2\/3&#8243;][vc_empty_space height=&#8221;5px&#8221;]<div class=\"title-subtile-holder text-left\"><h1 class=\"section-subtitle  dark_subtitle\">Physische und digitale Archivierung<\/h1><p class=\"section-description  dark_description\"><\/p><\/div>[vc_column_text]Ein Unternehmensarchiv ist nicht nur eine Sammlung von Papier, es ist viel mehr als das: Es ist das Ged\u00e4chtnis eines Unternehmens, das dessen Geschichte erz\u00e4hlt.<\/p>\n<p>Eurogest unterst\u00fctzt Kunden, die ihre physischen Archive aus Zeit-, Platz- oder Personalmangel auslagern m\u00fcssen, mit seinem Archivierungsservice \u2013 eine vollst\u00e4ndige, sichere und zugleich zuverl\u00e4ssige L\u00f6sung f\u00fcr jedes Unternehmen.<\/p>\n<p>In einer 2012 errichteten Struktur mit modernsten technischen Systemen und konstanter Temperatur archiviert Eurogest jegliche von privaten und institutionellen Kunden anvertrauten Papierdokumente.<\/p>\n<p>Mithilfe unserer fachkompetenten Mitarbeiter, die jahrelange Erfahrung in den Bereichen Vorbereitung, Entnahme, Indexierung, Aufbewahrung und Datensuche mitbringen, ist es uns m\u00f6glich einen st\u00e4ndig \u00fcberwachten, garantierten und organisierten Archivierungsdienst anzubieten.<\/p>\n<p>Ein modernes Sicherheitssystem mit Zugangskontrolle, Kameras und gepanzerten Bereichen sorgt f\u00fcr die sichere Aufbewahrung auch streng geheimer Dokumente.<\/p>\n<p>Bei Eurogest k\u00fcmmern wir uns nicht nur um die physische, sondern auch um die digitale Archivierung. <a href=\"https:\/\/eurogestsrl.com\/de\/dienstleistungen\/datenverwaltung\/\">Papierdokumente, welche sachgerecht digitalisiert<\/a>, indiziert und durchsuchbar gemacht wurden, werden in ein digitales Archiv integriert, das dank intelligenter IT-L\u00f6sungen leicht zu konsultieren ist.<\/p>\n<p>DocuIntelligence erleichtert dank vordefinierter Abl\u00e4ufe die Arbeit noch zus\u00e4tzlich, indem Dokumente direkt in den automatisierten Workflow-Management-Prozess importiert werden.[\/vc_column_text][vc_row_inner css=&#8221;.vc_custom_1602155381304{margin-top: 75px !important;margin-bottom: 40px !important;padding-top: 25px !important;padding-bottom: 60px !important;background-color: #f7f7f7 !important;}&#8221;][vc_column_inner]<div class=\"title-subtile-holder text-left\"><h1 class=\"section-subtitle  dark_subtitle\">Archiv-Wiederherstellung<\/h1><p class=\"section-description  dark_description\"><\/p><\/div>[vc_column_text]Archive sind Zeugen der Entstehung und Entwicklung eines Unternehmens. Hier finden sich Erinnerungsst\u00fccke, Ideensammlungen und Projekte. Diesen Wert gilt es zu sch\u00fctzen: vor strukturellen Risiken, menschlichen Vers\u00e4umnissen und Lagerungssch\u00e4den.<\/p>\n<p>Weil wir von Eurogest wissen, wie wertvoll dieses dokumentarische \u201eSchatzkiste\u201c ist, k\u00fcmmern sich unsere kompetenten Archivare um eine fachgerechte Risikoabw\u00e4gung und sorgf\u00e4ltige Pr\u00fcfung jeder einzelnen Situation. Nur so k\u00f6nnen Unternehmens- und institutionelle Archive gesichert, durch Schimmel, Feuchtigkeit und Wasser besch\u00e4digte Archive restauriert, ungeordnete Archive strukturiert und Archive wieder zusammengef\u00fchrt werden. Durch den steten Austausch mit Fachleuten, wie Ingenieuren, Feuerwehrleuten und Arbeitsberatern ist eine fundierte Arbeit m\u00f6glich.<\/p>\n<p>Unser Archivtechniker f\u00fchrt eine genaue Inspektion durch, um sich ein Bild des baulichen Zustands des Archivs und der dort gelagerten Unterlagen machen zu k\u00f6nnen. Bei der technischen Pr\u00fcfung werden der Standort des Archivs, die Bel\u00fcftung, das Vorhandensein von Hydrauliksystemen und Elektroinstallationen, die getroffenen Brandschutzma\u00dfnahmen, die Zug\u00e4nglichkeit der Unterlagen, die Konservierungsmethoden und der qualitative Zustand der Unterlagen ber\u00fccksichtigt.[\/vc_column_text][\/vc_column_inner][\/vc_row_inner][\/vc_column][vc_column width=&#8221;1\/3&#8243; el_class=&#8221;right-sidebar-menu-page&#8221;]<a href=\"#\"><style type=\"text\/css\">\n                .mt-icon-list-item.list_custom_69e354dc6f670:hover i, \n                .mt-icon-list-item.list_custom_69e354dc6f670 i:hover {\n                    color: #c93636 !important;\n                }\n                .mt-icon-list-item.list_custom_69e354dc6f670:hover {\n                \tbackground-color:#f7f7f7 !important;\n                }\n                .mt-icon-list-item.list_custom_69e354dc6f670:hover .mt-icon-list-text ,\n                .mt-icon-list-item.list_custom_69e354dc6f670:hover .mt-icon-list-text:hover{\n                \tcolor:#c93636 !important;\n                }\n              <\/style><div style=\"background-color:#c93636; padding:20px 20px 20px 20px;\" \n\tclass=\"mt-icon-list-item list_custom_69e354dc6f670 \"><div class=\"mt-icon-list-icon-holder\">\n                  <div class=\"mt-icon-list-icon-holder-inner clearfix\"><i style=\"margin-left: px; margin-right:10px; color:#ffffff;font-size:15px\" class=\"fa fa-file-pdf-o\"><\/i><\/div>\n                <\/div>\n                <p class=\"mt-icon-list-text\" style=\"font-size: 15px; color: #ffffff\">Firmenprofil herunterladen<\/p><\/div><\/a>[vc_empty_space height=&#8221;10px&#8221;][vc_custom_heading text=&#8221;Kontakt&#8221; font_container=&#8221;tag:h4|font_size:22px|text_align:left|color:%23ffffff&#8221; use_theme_fonts=&#8221;yes&#8221; css=&#8221;.vc_custom_1652257771217{margin-top: 0px !important;margin-bottom: 0px !important;padding-top: 22px !important;padding-right: 20px !important;padding-bottom: 22px !important;padding-left: 20px !important;background-color: #c93636 !important;}&#8221;][vc_row_inner css=&#8221;.vc_custom_1548096739113{margin-top: 0px !important;margin-right: 0px !important;margin-bottom: 0px !important;margin-left: 0px !important;background-color: #f7f7f7 !important;}&#8221; el_id=&#8221;lets-help-you-section&#8221;][vc_column_inner css=&#8221;.vc_custom_1547904927772{padding-top: 30px !important;padding-right: 20px !important;padding-bottom: 30px !important;padding-left: 20px !important;}&#8221;]<div class=\"mt-icon-listgroup-item no-shadow style3 \"><div class=\"mt-icon-listgroup-holder\">\n                  <div class=\"mt-icon-listgroup-icon-holder-inner\"><a ><i style=\"margin-right:15px; color:#c93636;font-size:20px\" class=\"fa fa-phone\"><\/i><\/a><\/div>\n                <div class=\"mt-icon-listgroup-content-holder-inner-description\">\n                <div class=\"mt-icon-listgroup-content-holder-inner\">\n                  \n                  <a  class=\"mt-icon-listgroup-title\" style=\"font-size: 20px; color: #c93636\">Telefon<\/a><\/div><div class=\"mt-icon-listgroup-description\">\n                <p class=\"mt-icon-listgroup-text\" style=\"font-size: 15px; color: #666666\">+39 0471 096 700<\/p><\/div><\/div>\n\n              <\/div><\/div>[vc_empty_space height=&#8221;30px&#8221;]<div class=\"mt-icon-listgroup-item no-shadow style3 \"><div class=\"mt-icon-listgroup-holder\">\n                  <div class=\"mt-icon-listgroup-icon-holder-inner\"><a ><i style=\"margin-right:15px; color:#c93636;font-size:20px\" class=\"fa fa-envelope\"><\/i><\/a><\/div>\n                <div class=\"mt-icon-listgroup-content-holder-inner-description\">\n                <div class=\"mt-icon-listgroup-content-holder-inner\">\n                  \n                  <a href=\"#\" class=\"mt-icon-listgroup-title\" style=\"font-size: 20px; color: #c93636\">E-mail<\/a><\/div><div class=\"mt-icon-listgroup-description\">\n                <p class=\"mt-icon-listgroup-text\" style=\"font-size: 15px; color: #666666\">info@eurogestsrl.com<\/p><\/div><\/div>\n\n              <\/div><\/div>[vc_empty_space height=&#8221;30px&#8221;]<div class=\"mt-icon-listgroup-item no-shadow style3 \"><div class=\"mt-icon-listgroup-holder\">\n                  <div class=\"mt-icon-listgroup-icon-holder-inner\"><a ><i style=\"margin-right:15px; color:#c93636;font-size:20px\" class=\"fa fa-globe\"><\/i><\/a><\/div>\n                <div class=\"mt-icon-listgroup-content-holder-inner-description\">\n                <div class=\"mt-icon-listgroup-content-holder-inner\">\n                  \n                  <a href=\"#\" class=\"mt-icon-listgroup-title\" style=\"font-size: 20px; color: #c93636\">Firmensitz<\/a><\/div><div class=\"mt-icon-listgroup-description\">\n                <p class=\"mt-icon-listgroup-text\" style=\"font-size: 15px; color: #666666\">Gewerbegebiet Kardaun, 21 - 39053 Karneid (BZ)<\/p><\/div><\/div>\n\n              <\/div><\/div>[\/vc_column_inner][\/vc_row_inner][\/vc_column][\/vc_row][vc_row full_width=&#8221;stretch_row&#8221; css=&#8221;.vc_custom_1600089176353{margin-bottom: 0px !important;background-color: #c93636 !important;}&#8221;][vc_column css=&#8221;.vc_custom_1544894527716{padding-top: 0px !important;}&#8221;][vc_row_inner css=&#8221;.vc_custom_1544894462530{margin-bottom: 0px !important;}&#8221;][vc_column_inner width=&#8221;2\/3&#8243; css=&#8221;.vc_custom_1545085551584{padding-top: 10px !important;}&#8221;][vc_custom_heading text=&#8221;Sie wollen sich beraten lassen?&#8221; font_container=&#8221;tag:h4|font_size:24px|text_align:left|color:%23ffffff|line_height:24px&#8221; use_theme_fonts=&#8221;yes&#8221; css=&#8221;.vc_custom_1652257878096{margin-top: 27px !important;margin-bottom: 0px !important;}&#8221; el_class=&#8221;needs-experience-consultant-heading&#8221;][\/vc_column_inner][vc_column_inner width=&#8221;1\/3&#8243; css=&#8221;.vc_custom_1545085569470{padding-top: 10px !important;}&#8221;]<style type=\"text\/css\">\n                .sweetthemes_button .btn_custom_69e354dc6fa35 {\n                    background: rgba(255,255,255,0.99) !important;\n                }\n                .sweetthemes_button .btn_custom_69e354dc6fa35:hover {                   \n                    color: rgba(255,255,255,0.99) !important;                     \n                }\n                .sweetthemes_button .btn_custom_69e354dc6fa35:before {\n                    background: #000000 !important;\n                }\n\n              <\/style><div class=\"text-right sweetthemes_button \"><a target=\"_blank\" href=\"https:\/\/eurogestsrl.com\/de\/kontakt\/\" class=\"button-winona btn btn-sm btn_custom_69e354dc6fa35\" style=\"color:#000000\">\n    Kontaktieren Sie uns\n        <i class=\"fa fa-chevron-right\"><\/i>\n    <\/a><\/div>[\/vc_column_inner][\/vc_row_inner]<div class=\"st_particles_shortcode st_particles\"><div id=\"particles-js\"><\/div><\/div>[vc_empty_space height=&#8221;20px&#8221;][\/vc_column][\/vc_row]<\/p>\n<\/div>","protected":false},"excerpt":{"rendered":"<p>[vc_row css=&#8221;.vc_custom_1547915254529{padding-top: 100px !important;padding-bottom: 100px !important;}&#8221;][vc_column width=&#8221;2\/3&#8243;][vc_empty_space height=&#8221;5px&#8221;][vc_column_text]Ein Unternehmensarchiv ist nicht nur eine Sammlung von Papier, es ist viel mehr als das: Es ist das Ged\u00e4chtnis eines Unternehmens, das dessen Geschichte erz\u00e4hlt. Eurogest unterst\u00fctzt Kunden, die ihre physischen Archive aus Zeit-, Platz- oder Personalmangel auslagern m\u00fcssen, mit seinem Archivierungsservice \u2013 eine vollst\u00e4ndige, sichere und zugleich [&hellip;]<\/p>\n","protected":false},"author":1,"featured_media":0,"parent":2508,"menu_order":0,"comment_status":"closed","ping_status":"closed","template":"","meta":{"inline_featured_image":false,"footnotes":""},"class_list":["post-2522","page","type-page","status-publish","hentry"],"_links":{"self":[{"href":"https:\/\/eurogestsrl.com\/de\/wp-json\/wp\/v2\/pages\/2522","targetHints":{"allow":["GET"]}}],"collection":[{"href":"https:\/\/eurogestsrl.com\/de\/wp-json\/wp\/v2\/pages"}],"about":[{"href":"https:\/\/eurogestsrl.com\/de\/wp-json\/wp\/v2\/types\/page"}],"author":[{"embeddable":true,"href":"https:\/\/eurogestsrl.com\/de\/wp-json\/wp\/v2\/users\/1"}],"replies":[{"embeddable":true,"href":"https:\/\/eurogestsrl.com\/de\/wp-json\/wp\/v2\/comments?post=2522"}],"version-history":[{"count":5,"href":"https:\/\/eurogestsrl.com\/de\/wp-json\/wp\/v2\/pages\/2522\/revisions"}],"predecessor-version":[{"id":2591,"href":"https:\/\/eurogestsrl.com\/de\/wp-json\/wp\/v2\/pages\/2522\/revisions\/2591"}],"up":[{"embeddable":true,"href":"https:\/\/eurogestsrl.com\/de\/wp-json\/wp\/v2\/pages\/2508"}],"wp:attachment":[{"href":"https:\/\/eurogestsrl.com\/de\/wp-json\/wp\/v2\/media?parent=2522"}],"curies":[{"name":"wp","href":"https:\/\/api.w.org\/{rel}","templated":true}]}}