{"id":2508,"date":"2019-01-02T17:09:17","date_gmt":"2019-01-02T16:09:17","guid":{"rendered":"https:\/\/eurogestsrl.com\/servizi\/"},"modified":"2022-05-11T15:41:31","modified_gmt":"2022-05-11T13:41:31","slug":"dienstleistungen","status":"publish","type":"page","link":"https:\/\/eurogestsrl.com\/de\/dienstleistungen\/","title":{"rendered":"Dienstleistungen"},"content":{"rendered":"<div class=\"wpb-content-wrapper\"><p>[vc_row full_width=&#8221;stretch_row&#8221; css=&#8221;.vc_custom_1549730280579{margin-top: 0px !important;margin-bottom: 0px !important;padding-top: 50px !important;}&#8221;][vc_column]<div class=\"title-subtile-holder text-center\"><h6 class=\"section-title  dark_title\">Immer f\u00fcr unsere Kunden da<\/h6><h1 class=\"section-subtitle  dark_subtitle\">Das ist Ihr Service<\/h1><p class=\"section-description  dark_description\">In den vergangenen Jahren haben wir unsere Dienstleistungen kontinuierlich erweitert und optimiert. Das Ergebnis ist ein umfangreicher, auf die Bed\u00fcrfnisse unserer Kunden ma\u00dfgeschneiderter Service, der es Ihnen erm\u00f6glicht, einen Teil der internen Prozesse an einen Partner abzugeben, der Einsparpotentiale und Synergien stets zu erkennen vermag.<\/p><\/div>[\/vc_column][\/vc_row][vc_row full_width=&#8221;stretch_row&#8221; css=&#8221;.vc_custom_1549730199546{padding-top: 15px !important;padding-bottom: 100px !important;}&#8221;][vc_column css=&#8221;.vc_custom_1549730236546{padding-top: 5px !important;}&#8221;][vc_row_inner][vc_column_inner width=&#8221;1\/3&#8243; css=&#8221;.vc_custom_1549730165985{margin-top: 30px !important;}&#8221;]<div class=\"mt-icon-listgroup-item  style1 \"><div class=\"mt-icon-listgroup-holder\">\n                  <div class=\"mt-icon-listgroup-icon-holder-inner\"><img decoding=\"async\" alt=\"list-image\" style=\"margin-right:20px; max-width:60px;\" class=\"mt-image-list\" src=\"https:\/\/eurogestsrl.com\/wp-content\/uploads\/2020\/10\/data_management.png\"><\/div>\n                <div class=\"mt-icon-listgroup-content-holder-inner-description\">\n                <div class=\"mt-icon-listgroup-content-holder-inner\">\n                  \n                  <a href=\"https:\/\/eurogestsrl.com\/de\/dienstleistungen\/datenverwaltung\/\" class=\"mt-icon-listgroup-title\" style=\"font-size: 18px; color: #c93636\">Datenverwaltung<\/a><\/div><div class=\"mt-icon-listgroup-description\">\n                <p class=\"mt-icon-listgroup-text\" style=\"font-size: 15px; color: #686868\">Dass Unternehmensdaten richtig verwaltet werden, ist von grundlegender Bedeutung f\u00fcr den Erfolg eines Unternehmens. Die richtige Verwaltung von Daten erm\u00f6glicht es, diese effizient und sicher zu erfassen, zu organisieren und zu speichern. Eurogest unterst\u00fctzt Sie hierbei mit seinem Digitalisierungsservice.<\/p><a href=\"https:\/\/eurogestsrl.com\/de\/dienstleistungen\/datenverwaltung\/\" class=\"mt-icon-listgroup-link\" style=\"color: \">Mehr lesen<i class=\"fa fa-long-arrow-right\"><\/i><\/a><\/div><\/div>\n\n              <\/div><\/div>[\/vc_column_inner][vc_column_inner width=&#8221;1\/3&#8243; css=&#8221;.vc_custom_1549730180843{margin-top: 30px !important;}&#8221;]<div class=\"mt-icon-listgroup-item  style1 \"><div class=\"mt-icon-listgroup-holder\">\n                  <div class=\"mt-icon-listgroup-icon-holder-inner\"><img decoding=\"async\" alt=\"list-image\" style=\"margin-right:20px; max-width:60px;\" class=\"mt-image-list\" src=\"https:\/\/eurogestsrl.com\/wp-content\/uploads\/2020\/10\/archiviazione.png\"><\/div>\n                <div class=\"mt-icon-listgroup-content-holder-inner-description\">\n                <div class=\"mt-icon-listgroup-content-holder-inner\">\n                  \n                  <a href=\"https:\/\/eurogestsrl.com\/de\/dienstleistungen\/physische-und-digitale-archivierung\/\" class=\"mt-icon-listgroup-title\" style=\"font-size: 18px; color: #c93636\">Physische und digitale Archivierung<\/a><\/div><div class=\"mt-icon-listgroup-description\">\n                <p class=\"mt-icon-listgroup-text\" style=\"font-size: 15px; color: #686868\">Der Archivierungsdienst bietet eine vollst\u00e4ndige, sichere und zuverl\u00e4ssige L\u00f6sung f\u00fcr all jene, die ihre Archive aus Zeit-, Platz- oder Personalmangel auslagern m\u00fcssen. Das digitalisierte Dokument wird in das digitale Archiv aufgenommen und ist somit leicht zug\u00e4nglich.<\/p><a href=\"https:\/\/eurogestsrl.com\/de\/dienstleistungen\/physische-und-digitale-archivierung\/\" class=\"mt-icon-listgroup-link\" style=\"color: \">Mehr lesen<i class=\"fa fa-long-arrow-right\"><\/i><\/a><\/div><\/div>\n\n              <\/div><\/div>[\/vc_column_inner][vc_column_inner width=&#8221;1\/3&#8243; css=&#8221;.vc_custom_1549730177027{margin-top: 30px !important;}&#8221;]<div class=\"mt-icon-listgroup-item  style1 \"><div class=\"mt-icon-listgroup-holder\">\n                  <div class=\"mt-icon-listgroup-icon-holder-inner\"><img decoding=\"async\" alt=\"list-image\" style=\"margin-right:20px; max-width:60px;\" class=\"mt-image-list\" src=\"https:\/\/eurogestsrl.com\/wp-content\/uploads\/2020\/10\/distruzione.png\"><\/div>\n                <div class=\"mt-icon-listgroup-content-holder-inner-description\">\n                <div class=\"mt-icon-listgroup-content-holder-inner\">\n                  \n                  <a href=\"https:\/\/eurogestsrl.com\/de\/dienstleistungen\/sichere-vernichtung-sensibler-dokumente\/\" class=\"mt-icon-listgroup-title\" style=\"font-size: 18px; color: #c93636\">Sichere Vernichtung sensibler Dokumente<\/a><\/div><div class=\"mt-icon-listgroup-description\">\n                <p class=\"mt-icon-listgroup-text\" style=\"font-size: 15px; color: #686868\">Wenn Dokumente und elektronische Medien, die sensible und\/oder vertrauliche Daten enthalten, \u201eausgedient\u201c haben, m\u00fcssen diese gem\u00e4\u00df Gesetzesdekrets 196\/2003 und der EU-Verordnung 679\/2016 ordnungsgem\u00e4\u00df und sicher vernichtet werden.<\/p><a href=\"https:\/\/eurogestsrl.com\/de\/dienstleistungen\/sichere-vernichtung-sensibler-dokumente\/\" class=\"mt-icon-listgroup-link\" style=\"color: \">Mehr lesen<i class=\"fa fa-long-arrow-right\"><\/i><\/a><\/div><\/div>\n\n              <\/div><\/div>[\/vc_column_inner][\/vc_row_inner][vc_row_inner][vc_column_inner width=&#8221;1\/2&#8243; css=&#8221;.vc_custom_1549730186108{margin-top: 30px !important;}&#8221;]<div class=\"mt-icon-listgroup-item  style1 \"><div class=\"mt-icon-listgroup-holder\">\n                  <div class=\"mt-icon-listgroup-icon-holder-inner\"><img decoding=\"async\" alt=\"list-image\" style=\"margin-right:20px; max-width:60px;\" class=\"mt-image-list\" src=\"https:\/\/eurogestsrl.com\/wp-content\/uploads\/2020\/10\/logistica.png\"><\/div>\n                <div class=\"mt-icon-listgroup-content-holder-inner-description\">\n                <div class=\"mt-icon-listgroup-content-holder-inner\">\n                  \n                  <a href=\"https:\/\/eurogestsrl.com\/de\/dienstleistungen\/logistik\/\" class=\"mt-icon-listgroup-title\" style=\"font-size: 18px; color: #c93636\">Logistik<\/a><\/div><div class=\"mt-icon-listgroup-description\">\n                <p class=\"mt-icon-listgroup-text\" style=\"font-size: 15px; color: #686868\">Nach einer eingehenden und in \u00dcbereinstimmung mit dem Kunden durchgef\u00fchrten Analyse bietet Eurogest eine Reihe von ma\u00dfgeschneiderten Dienstleistungen an und schl\u00e4gt L\u00f6sungen f\u00fcr zeitgesteuerte Verteilungsdienste, Filialanbindungen, regelm\u00e4\u00dfige Verteilungen und \u201eon demand\u201c-Lieferungen vor.<\/p><a href=\"https:\/\/eurogestsrl.com\/de\/dienstleistungen\/logistik\/\" class=\"mt-icon-listgroup-link\" style=\"color: \">Mehr lesen<i class=\"fa fa-long-arrow-right\"><\/i><\/a><\/div><\/div>\n\n              <\/div><\/div>[\/vc_column_inner][vc_column_inner width=&#8221;1\/2&#8243; css=&#8221;.vc_custom_1549730190274{margin-top: 30px !important;}&#8221;]<div class=\"mt-icon-listgroup-item  style1 \"><div class=\"mt-icon-listgroup-holder\">\n                  <div class=\"mt-icon-listgroup-icon-holder-inner\"><img decoding=\"async\" alt=\"list-image\" style=\"margin-right:20px; max-width:60px;\" class=\"mt-image-list\" src=\"https:\/\/eurogestsrl.com\/wp-content\/uploads\/2020\/10\/e-procurement.png\"><\/div>\n                <div class=\"mt-icon-listgroup-content-holder-inner-description\">\n                <div class=\"mt-icon-listgroup-content-holder-inner\">\n                  \n                  <a href=\"https:\/\/eurogestsrl.com\/de\/dienstleistungen\/e-procurement\/\" class=\"mt-icon-listgroup-title\" style=\"font-size: 18px; color: #c93636\">E-Procurement<\/a><\/div><div class=\"mt-icon-listgroup-description\">\n                <p class=\"mt-icon-listgroup-text\" style=\"font-size: 15px; color: #686868\">F\u00fcr die effiziente und transparente Verwaltung der Eink\u00e4ufe sorgt unsere intuitive und leicht zu bedienende Plattform. Dank ihr haben Sie die Ausgaben stets unter Kontrolle und k\u00f6nnen au\u00dferdem Lieferverfahren einfach standardisieren.<\/p><a href=\"https:\/\/eurogestsrl.com\/de\/dienstleistungen\/e-procurement\/\" class=\"mt-icon-listgroup-link\" style=\"color: \">Mehr lesen<i class=\"fa fa-long-arrow-right\"><\/i><\/a><\/div><\/div>\n\n              <\/div><\/div>[\/vc_column_inner][\/vc_row_inner][vc_row_inner][vc_column_inner width=&#8221;1\/2&#8243; css=&#8221;.vc_custom_1549730186108{margin-top: 30px !important;}&#8221;]<div class=\"mt-icon-listgroup-item  style1 \"><div class=\"mt-icon-listgroup-holder\">\n                  <div class=\"mt-icon-listgroup-icon-holder-inner\"><img decoding=\"async\" alt=\"list-image\" style=\"margin-right:20px; max-width:60px;\" class=\"mt-image-list\" src=\"https:\/\/eurogestsrl.com\/wp-content\/uploads\/2020\/10\/backoffice.png\"><\/div>\n                <div class=\"mt-icon-listgroup-content-holder-inner-description\">\n                <div class=\"mt-icon-listgroup-content-holder-inner\">\n                  \n                  <a href=\"https:\/\/eurogestsrl.com\/de\/dienstleistungen\/back-office\/\" class=\"mt-icon-listgroup-title\" style=\"font-size: 18px; color: #c93636\">Back Office<\/a><\/div><div class=\"mt-icon-listgroup-description\">\n                <p class=\"mt-icon-listgroup-text\" style=\"font-size: 15px; color: #686868\">Wir von Eurogest bieten Ihnen Dienstleistungen f\u00fcr das Sortieren und Verwalten von interner und externer Post, Digitalisierungsdienstleistungen und Dateneingabeaktivit\u00e4ten.<\/p><a href=\"https:\/\/eurogestsrl.com\/de\/dienstleistungen\/back-office\/\" class=\"mt-icon-listgroup-link\" style=\"color: \">Mehr lesen<i class=\"fa fa-long-arrow-right\"><\/i><\/a><\/div><\/div>\n\n              <\/div><\/div>[\/vc_column_inner][vc_column_inner width=&#8221;1\/2&#8243; css=&#8221;.vc_custom_1549730190274{margin-top: 30px !important;}&#8221;]<div class=\"mt-icon-listgroup-item  style1 \"><div class=\"mt-icon-listgroup-holder\">\n                  <div class=\"mt-icon-listgroup-icon-holder-inner\"><img decoding=\"async\" alt=\"list-image\" style=\"margin-right:20px; max-width:60px;\" class=\"mt-image-list\" src=\"https:\/\/eurogestsrl.com\/wp-content\/uploads\/2020\/10\/consulenza.png\"><\/div>\n                <div class=\"mt-icon-listgroup-content-holder-inner-description\">\n                <div class=\"mt-icon-listgroup-content-holder-inner\">\n                  \n                  <a href=\"https:\/\/eurogestsrl.com\/de\/dienstleistungen\/beratung\/\" class=\"mt-icon-listgroup-title\" style=\"font-size: 18px; color: #c93636\">Beratung<\/a><\/div><div class=\"mt-icon-listgroup-description\">\n                <p class=\"mt-icon-listgroup-text\" style=\"font-size: 15px; color: #686868\">Wir bieten unseren Kunden eine gezielte Beratung, um die Ausgangssituation, die Erwartungen und die Auswirkungen auf die beteiligten Abteilungen analysieren zu k\u00f6nnen, um schlussendlich das Projekt planen zu k\u00f6nnen.<\/p><a href=\"https:\/\/eurogestsrl.com\/de\/dienstleistungen\/beratung\/\" class=\"mt-icon-listgroup-link\" style=\"color: \">Mehr lesen<i class=\"fa fa-long-arrow-right\"><\/i><\/a><\/div><\/div>\n\n              <\/div><\/div>[\/vc_column_inner][\/vc_row_inner][\/vc_column][\/vc_row][vc_row full_width=&#8221;stretch_row&#8221; css=&#8221;.vc_custom_1602068021199{margin-bottom: 0px !important;background-color: #c93636 !important;}&#8221;][vc_column css=&#8221;.vc_custom_1544894527716{padding-top: 0px !important;}&#8221;][vc_row_inner css=&#8221;.vc_custom_1544894462530{margin-bottom: 0px !important;}&#8221;][vc_column_inner width=&#8221;2\/3&#8243; css=&#8221;.vc_custom_1545085551584{padding-top: 10px !important;}&#8221;][vc_custom_heading text=&#8221;Sie wollen sich beraten lassen?&#8221; font_container=&#8221;tag:h4|font_size:24px|text_align:left|color:%23ffffff|line_height:24px&#8221; use_theme_fonts=&#8221;yes&#8221; css=&#8221;.vc_custom_1652169502009{margin-top: 27px !important;margin-bottom: 0px !important;}&#8221; el_class=&#8221;needs-experience-consultant-heading&#8221;][\/vc_column_inner][vc_column_inner width=&#8221;1\/3&#8243; css=&#8221;.vc_custom_1545085569470{padding-top: 10px !important;}&#8221;]<style type=\"text\/css\">\n                .sweetthemes_button .btn_custom_69dfe13d47356 {\n                    background: rgba(255,255,255,0.99) !important;\n                }\n                .sweetthemes_button .btn_custom_69dfe13d47356:hover {                   \n                    color: rgba(255,255,255,0.99) !important;                     \n                }\n                .sweetthemes_button .btn_custom_69dfe13d47356:before {\n                    background: #000000 !important;\n                }\n\n              <\/style><div class=\"text-right sweetthemes_button \"><a target=\"_blank\" href=\"https:\/\/eurogestsrl.com\/de\/kontakt\/\" class=\"button-winona btn btn-sm btn_custom_69dfe13d47356\" style=\"color:#000000\">\n    Kontaktieren Sie uns\n        <i class=\"fa fa-chevron-right\"><\/i>\n    <\/a><\/div>[\/vc_column_inner][\/vc_row_inner]<div class=\"st_particles_shortcode st_particles\"><div id=\"particles-js\"><\/div><\/div>[vc_empty_space height=&#8221;20px&#8221;][\/vc_column][\/vc_row]<\/p>\n<\/div>","protected":false},"excerpt":{"rendered":"<p>[vc_row full_width=&#8221;stretch_row&#8221; css=&#8221;.vc_custom_1549730280579{margin-top: 0px !important;margin-bottom: 0px !important;padding-top: 50px !important;}&#8221;][vc_column][\/vc_column][\/vc_row][vc_row full_width=&#8221;stretch_row&#8221; css=&#8221;.vc_custom_1549730199546{padding-top: 15px !important;padding-bottom: 100px !important;}&#8221;][vc_column css=&#8221;.vc_custom_1549730236546{padding-top: 5px !important;}&#8221;][vc_row_inner][vc_column_inner width=&#8221;1\/3&#8243; css=&#8221;.vc_custom_1549730165985{margin-top: 30px !important;}&#8221;][\/vc_column_inner][vc_column_inner width=&#8221;1\/3&#8243; css=&#8221;.vc_custom_1549730180843{margin-top: 30px !important;}&#8221;][\/vc_column_inner][vc_column_inner width=&#8221;1\/3&#8243; css=&#8221;.vc_custom_1549730177027{margin-top: 30px !important;}&#8221;][\/vc_column_inner][\/vc_row_inner][vc_row_inner][vc_column_inner width=&#8221;1\/2&#8243; css=&#8221;.vc_custom_1549730186108{margin-top: 30px !important;}&#8221;][\/vc_column_inner][vc_column_inner width=&#8221;1\/2&#8243; css=&#8221;.vc_custom_1549730190274{margin-top: 30px !important;}&#8221;][\/vc_column_inner][\/vc_row_inner][vc_row_inner][vc_column_inner width=&#8221;1\/2&#8243; css=&#8221;.vc_custom_1549730186108{margin-top: 30px !important;}&#8221;][\/vc_column_inner][vc_column_inner width=&#8221;1\/2&#8243; css=&#8221;.vc_custom_1549730190274{margin-top: 30px !important;}&#8221;][\/vc_column_inner][\/vc_row_inner][\/vc_column][\/vc_row][vc_row full_width=&#8221;stretch_row&#8221; css=&#8221;.vc_custom_1602068021199{margin-bottom: 0px !important;background-color: #c93636 !important;}&#8221;][vc_column css=&#8221;.vc_custom_1544894527716{padding-top: 0px !important;}&#8221;][vc_row_inner [&hellip;]<\/p>\n","protected":false},"author":1,"featured_media":0,"parent":0,"menu_order":0,"comment_status":"closed","ping_status":"closed","template":"","meta":{"inline_featured_image":false,"footnotes":""},"class_list":["post-2508","page","type-page","status-publish","hentry"],"_links":{"self":[{"href":"https:\/\/eurogestsrl.com\/de\/wp-json\/wp\/v2\/pages\/2508","targetHints":{"allow":["GET"]}}],"collection":[{"href":"https:\/\/eurogestsrl.com\/de\/wp-json\/wp\/v2\/pages"}],"about":[{"href":"https:\/\/eurogestsrl.com\/de\/wp-json\/wp\/v2\/types\/page"}],"author":[{"embeddable":true,"href":"https:\/\/eurogestsrl.com\/de\/wp-json\/wp\/v2\/users\/1"}],"replies":[{"embeddable":true,"href":"https:\/\/eurogestsrl.com\/de\/wp-json\/wp\/v2\/comments?post=2508"}],"version-history":[{"count":7,"href":"https:\/\/eurogestsrl.com\/de\/wp-json\/wp\/v2\/pages\/2508\/revisions"}],"predecessor-version":[{"id":2573,"href":"https:\/\/eurogestsrl.com\/de\/wp-json\/wp\/v2\/pages\/2508\/revisions\/2573"}],"wp:attachment":[{"href":"https:\/\/eurogestsrl.com\/de\/wp-json\/wp\/v2\/media?parent=2508"}],"curies":[{"name":"wp","href":"https:\/\/api.w.org\/{rel}","templated":true}]}}