{"id":2440,"date":"2019-01-19T10:50:11","date_gmt":"2019-01-19T09:50:11","guid":{"rendered":"https:\/\/eurogestsrl.com\/azienda\/"},"modified":"2022-05-11T15:47:48","modified_gmt":"2022-05-11T13:47:48","slug":"unternehmen","status":"publish","type":"page","link":"https:\/\/eurogestsrl.com\/de\/unternehmen\/","title":{"rendered":"Unternehmen"},"content":{"rendered":"<div class=\"wpb-content-wrapper\"><p>[vc_row css=&#8221;.vc_custom_1547915254529{padding-top: 100px !important;padding-bottom: 100px !important;}&#8221;][vc_column width=&#8221;2\/3&#8243;]<div class=\"title-subtile-holder text-left\"><h6 class=\"section-title  dark_title\">Unsere Ziele<\/h6><h1 class=\"section-subtitle  dark_subtitle\">Eurogest an Ihrer Seite<\/h1><p class=\"section-description  dark_description\"><\/p><\/div>[vc_column_text]Bereits seit \u00fcber 30 Jahren haben wir ein erkl\u00e4rtes Ziel: uns in allen Belangen um unsere Kunden zu k\u00fcmmern und ihnen intelligente, effiziente L\u00f6sungen in den Bereichen Datenmanagement, physische und digitale Archivierung, Logistik, Back Office und E-Procurement anzubieten. Unser Blick ist stets auf die Zukunft gerichtet, wodurch wir jederzeit alle Herausforderungen des Marktes annehmen und meistern k\u00f6nnen. Das macht uns zum idealen Partner f\u00fcr Kunden mit hohen Anforderungen.<\/p>\n<p>Die Geschichte von Eurogest nimmt 1992 ihren Anfang: mit Finanzdienstleistungen f\u00fcr Kreditinstitute. Seitdem ist das Unternehmen kontinuierlich gewachsen und hat sich als zuverl\u00e4ssiger Partner erwiesen, der die Bed\u00fcrfnisse des Kunden in den Mittelpunkt stellt. Eurogest ist in der Region Trentino-S\u00fcdtirol mittlerweile fester Bezugspunkt f\u00fcr folgende Branchen:<\/p>\n<ul>\n<li><strong><a href=\"https:\/\/eurogestsrl.com\/de\/dienstleistungen\/datenverwaltung\/\">Datenmanagement<\/a><\/strong>;<\/li>\n<li><strong><a href=\"https:\/\/eurogestsrl.com\/de\/dienstleistungen\/physische-und-digitale-archivierung\/\">physische und digitale Archivierung<\/a><\/strong>;<\/li>\n<li><strong><a href=\"https:\/\/eurogestsrl.com\/de\/dienstleistungen\/sichere-vernichtung-sensibler-dokumente\/\">Sichere Vernichtung sensibler Dokumente<\/a><\/strong>;<\/li>\n<li><strong><a href=\"https:\/\/eurogestsrl.com\/de\/dienstleistungen\/logistik\/\">logistische Dienstleistungen: zeitlich begrenzte Verteilungsdienste sowie Filialverbindungen<\/a><\/strong>;<\/li>\n<li><strong><a href=\"https:\/\/eurogestsrl.com\/de\/dienstleistungen\/e-procurement\/\">E-Procurement<\/a><\/strong>;<\/li>\n<li><strong><a href=\"https:\/\/eurogestsrl.com\/de\/dienstleistungen\/back-office\/\">Backoffice<\/a><\/strong>.<\/li>\n<\/ul>\n<p>Durch Analysieren, langj\u00e4hriger Erfahrung und st\u00e4ndiges Investieren in Forschung und Entwicklung sind wir bestens in der Lage Dienstleistungen anzubieten, die den Anforderungen der Wirtschaft 4.0 gerecht werden. Wir unterst\u00fctzen unsere Kunden mit unserer jahrelangen Erfahrung \u2013 damit Sie Ihre Ressourcen voll und ganz Ihrem Kerngesch\u00e4ft widmen k\u00f6nnen.<\/p>\n<p>Der Eckpfeiler unserer Unternehmensphilosophie ist das Engagement unseres Teams: Erfahrene, geschulte und motivierte Fachleute arbeiten eng zusammen, um gute Projekte in hervorragende Ergebnisse zu verwandeln.[\/vc_column_text][vc_empty_space height=&#8221;50px&#8221;][\/vc_column][vc_column width=&#8221;1\/3&#8243; el_class=&#8221;right-sidebar-menu-page&#8221;][vc_empty_space height=&#8221;10px&#8221;][vc_custom_heading text=&#8221;Kontakt&#8221; font_container=&#8221;tag:h4|font_size:22px|text_align:left|color:%23ffffff&#8221; use_theme_fonts=&#8221;yes&#8221; css=&#8221;.vc_custom_1652169040948{margin-top: 0px !important;margin-bottom: 0px !important;padding-top: 22px !important;padding-right: 20px !important;padding-bottom: 22px !important;padding-left: 20px !important;background-color: #ab3939 !important;}&#8221;][vc_row_inner css=&#8221;.vc_custom_1548096739113{margin-top: 0px !important;margin-right: 0px !important;margin-bottom: 0px !important;margin-left: 0px !important;background-color: #f7f7f7 !important;}&#8221; el_id=&#8221;lets-help-you-section&#8221;][vc_column_inner css=&#8221;.vc_custom_1547904927772{padding-top: 30px !important;padding-right: 20px !important;padding-bottom: 30px !important;padding-left: 20px !important;}&#8221;]<div class=\"mt-icon-listgroup-item no-shadow style3 \"><div class=\"mt-icon-listgroup-holder\">\n                  <div class=\"mt-icon-listgroup-icon-holder-inner\"><a ><i style=\"margin-right:15px; color:#ab3939;font-size:20px\" class=\"fa fa-phone\"><\/i><\/a><\/div>\n                <div class=\"mt-icon-listgroup-content-holder-inner-description\">\n                <div class=\"mt-icon-listgroup-content-holder-inner\">\n                  \n                  <a  class=\"mt-icon-listgroup-title\" style=\"font-size: 20px; color: #ab3939\">Telefon<\/a><\/div><div class=\"mt-icon-listgroup-description\">\n                <p class=\"mt-icon-listgroup-text\" style=\"font-size: 15px; color: #666666\">+39 0471 096 700<\/p><\/div><\/div>\n\n              <\/div><\/div>[vc_empty_space height=&#8221;30px&#8221;]<div class=\"mt-icon-listgroup-item no-shadow style3 \"><div class=\"mt-icon-listgroup-holder\">\n                  <div class=\"mt-icon-listgroup-icon-holder-inner\"><a ><i style=\"margin-right:15px; color:#ab3939;font-size:20px\" class=\"fa fa-envelope\"><\/i><\/a><\/div>\n                <div class=\"mt-icon-listgroup-content-holder-inner-description\">\n                <div class=\"mt-icon-listgroup-content-holder-inner\">\n                  \n                  <a href=\"#\" class=\"mt-icon-listgroup-title\" style=\"font-size: 20px; color: #ab3939\">E-mail<\/a><\/div><div class=\"mt-icon-listgroup-description\">\n                <p class=\"mt-icon-listgroup-text\" style=\"font-size: 15px; color: #666666\">info@eurogestsrl.com<\/p><\/div><\/div>\n\n              <\/div><\/div>[vc_empty_space height=&#8221;30px&#8221;]<div class=\"mt-icon-listgroup-item no-shadow style3 \"><div class=\"mt-icon-listgroup-holder\">\n                  <div class=\"mt-icon-listgroup-icon-holder-inner\"><a ><i style=\"margin-right:15px; color:#ab3939;font-size:20px\" class=\"fa fa-globe\"><\/i><\/a><\/div>\n                <div class=\"mt-icon-listgroup-content-holder-inner-description\">\n                <div class=\"mt-icon-listgroup-content-holder-inner\">\n                  \n                  <a href=\"#\" class=\"mt-icon-listgroup-title\" style=\"font-size: 20px; color: #ab3939\">Firmensitz<\/a><\/div><div class=\"mt-icon-listgroup-description\">\n                <p class=\"mt-icon-listgroup-text\" style=\"font-size: 15px; color: #666666\">Gewerbegebiet Kardaun, 21 - 39053 Karneid (BZ)<\/p><\/div><\/div>\n\n              <\/div><\/div>[\/vc_column_inner][\/vc_row_inner][\/vc_column][\/vc_row][vc_row disable_element=&#8221;yes&#8221; css=&#8221;.vc_custom_1617281992635{padding-top: 100px !important;padding-bottom: 100px !important;}&#8221;][vc_column width=&#8221;2\/3&#8243;]<div class=\"title-subtile-holder text-left\"><h6 class=\"section-title  dark_title\">Il nostro obiettivo<\/h6><h1 class=\"section-subtitle  dark_subtitle\">Eurogest Multiservice<\/h1><p class=\"section-description  dark_description\"><\/p><\/div>[vc_column_text]Il nostro obiettivo \u00e8 uno: prenderci cura dei nostri Clienti offrendo soluzioni intelligenti <strong>per il data management, l\u2019archiviazione fisica e digitale, i servizi logistici, le attivit\u00e0 di back office e di e-procurement<\/strong>.<br \/>\nDa sempre guardiamo al futuro, con fiducia e determinazione. Eurogest, nata nel 1992, si distingue per il suo <strong>spirito innovativo<\/strong> rivolto a <strong>trasformare necessit\u00e0 in opportunit\u00e0<\/strong>. Da trent\u2019anni al fianco dei Clienti, Eurogest ha saputo cogliere le sollecitazioni del mercato adattando i propri servizi alle esigenze specifiche del Cliente accettando ogni volta la sfida di proporre <strong>soluzioni efficaci, efficienti e differenziate<\/strong>.<\/p>\n<p>La storia di Eurogest inizia nel 1992 con il servizio di economato per gli Istituti di credito. Da quel giorno l\u2019azienda ha continuato a crescere, dimostrandosi un partner affidabile che mette le esigenze del Cliente al centro. Forte di questa esperienza, Eurogest in Trentino-Alto Adige \u00e8 diventata il punto di riferimento per:<\/p>\n<ul>\n<li>il <strong><a href=\"..\/servizi\/data-management\/\">data management<\/a><\/strong>;<\/li>\n<li>l&#8217;<strong><a href=\"..\/servizi\/archiviazione-fisica-e-digitale\/\">archiviazione fisica e digitale<\/a><\/strong>;<\/li>\n<li><strong><a href=\"..\/servizi\/distruzione-sicura\/\">distruzione sicura<\/a><\/strong> dei documenti sensibili;<\/li>\n<li>i <strong><a href=\"..\/servizi\/logistica\/\">servizi logistici<\/a><\/strong> di distribuzione tempificata e di collegamento filiali;<\/li>\n<li>i servizi di <strong><a href=\"..\/servizi\/e-procurement\/\">e-procurement<\/a><\/strong>;<\/li>\n<li>il <strong><a href=\"..\/servizi\/back-office\/\">back office<\/a><\/strong>.<\/li>\n<\/ul>\n<p>Analizzando, sperimentando, investendo costantemente in ricerca e sviluppo, Eurogest offre servizi che incontrano e soddisfano le necessit\u00e0 dell\u2019<strong>economia 4.0<\/strong>. Supportiamo i nostri Clienti mettendo a disposizione la nostra esperienza pluriennale liberando spazi e risorse <strong>a beneficio del loro <em>core business<\/em><\/strong>.<br \/>\nCardine della filosofia aziendale \u00e8 il coinvolgimento del nostro team, composto da professionisti esperti, preparati e motivati, <strong>in grado di trasformare buoni progetti in ottimi risultati<\/strong>.[\/vc_column_text][vc_empty_space height=&#8221;50px&#8221;][\/vc_column][vc_column width=&#8221;1\/3&#8243; el_class=&#8221;right-sidebar-menu-page&#8221;]<a href=\"#\"><style type=\"text\/css\">\n                .mt-icon-list-item.list_custom_69e36bc6a2392:hover i, \n                .mt-icon-list-item.list_custom_69e36bc6a2392 i:hover {\n                    color: #ab3939 !important;\n                }\n                .mt-icon-list-item.list_custom_69e36bc6a2392:hover {\n                \tbackground-color:#f7f7f7 !important;\n                }\n                .mt-icon-list-item.list_custom_69e36bc6a2392:hover .mt-icon-list-text ,\n                .mt-icon-list-item.list_custom_69e36bc6a2392:hover .mt-icon-list-text:hover{\n                \tcolor:#ab3939 !important;\n                }\n              <\/style><div style=\"background-color:#ab3939; padding:20px 20px 20px 20px;\" \n\tclass=\"mt-icon-list-item list_custom_69e36bc6a2392 \"><div class=\"mt-icon-list-icon-holder\">\n                  <div class=\"mt-icon-list-icon-holder-inner clearfix\"><i style=\"margin-left: px; margin-right:10px; color:#ffffff;font-size:15px\" class=\"fa fa-file-pdf-o\"><\/i><\/div>\n                <\/div>\n                <p class=\"mt-icon-list-text\" style=\"font-size: 15px; color: #ffffff\">Scarica il Company Profile<\/p><\/div><\/a>[vc_empty_space height=&#8221;10px&#8221;][vc_custom_heading text=&#8221;Contatti&#8221; font_container=&#8221;tag:h4|font_size:22px|text_align:left|color:%23ffffff&#8221; use_theme_fonts=&#8221;yes&#8221; css=&#8221;.vc_custom_1600168042722{margin-top: 0px !important;margin-bottom: 0px !important;padding-top: 22px !important;padding-right: 20px !important;padding-bottom: 22px !important;padding-left: 20px !important;background-color: #ab3939 !important;}&#8221;][vc_row_inner css=&#8221;.vc_custom_1548096739113{margin-top: 0px !important;margin-right: 0px !important;margin-bottom: 0px !important;margin-left: 0px !important;background-color: #f7f7f7 !important;}&#8221;][vc_column_inner css=&#8221;.vc_custom_1547904927772{padding-top: 30px !important;padding-right: 20px !important;padding-bottom: 30px !important;padding-left: 20px !important;}&#8221;]<div class=\"mt-icon-listgroup-item no-shadow style3 \"><div class=\"mt-icon-listgroup-holder\">\n                  <div class=\"mt-icon-listgroup-icon-holder-inner\"><a ><i style=\"margin-right:15px; color:#ab3939;font-size:20px\" class=\"fa fa-phone\"><\/i><\/a><\/div>\n                <div class=\"mt-icon-listgroup-content-holder-inner-description\">\n                <div class=\"mt-icon-listgroup-content-holder-inner\">\n                  \n                  <a  class=\"mt-icon-listgroup-title\" style=\"font-size: 20px; color: #ab3939\">Telefono<\/a><\/div><div class=\"mt-icon-listgroup-description\">\n                <p class=\"mt-icon-listgroup-text\" style=\"font-size: 15px; color: #666666\">+39 0471 096 700<\/p><\/div><\/div>\n\n              <\/div><\/div>[vc_empty_space height=&#8221;30px&#8221;]<div class=\"mt-icon-listgroup-item no-shadow style3 \"><div class=\"mt-icon-listgroup-holder\">\n                  <div class=\"mt-icon-listgroup-icon-holder-inner\"><a ><i style=\"margin-right:15px; color:#ab3939;font-size:20px\" class=\"fa fa-envelope\"><\/i><\/a><\/div>\n                <div class=\"mt-icon-listgroup-content-holder-inner-description\">\n                <div class=\"mt-icon-listgroup-content-holder-inner\">\n                  \n                  <a href=\"#\" class=\"mt-icon-listgroup-title\" style=\"font-size: 20px; color: #ab3939\">E-mail<\/a><\/div><div class=\"mt-icon-listgroup-description\">\n                <p class=\"mt-icon-listgroup-text\" style=\"font-size: 15px; color: #666666\">info@eurogestsrl.com<\/p><\/div><\/div>\n\n              <\/div><\/div>[vc_empty_space height=&#8221;30px&#8221;]<div class=\"mt-icon-listgroup-item no-shadow style3 \"><div class=\"mt-icon-listgroup-holder\">\n                  <div class=\"mt-icon-listgroup-icon-holder-inner\"><a ><i style=\"margin-right:15px; color:#ab3939;font-size:20px\" class=\"fa fa-globe\"><\/i><\/a><\/div>\n                <div class=\"mt-icon-listgroup-content-holder-inner-description\">\n                <div class=\"mt-icon-listgroup-content-holder-inner\">\n                  \n                  <a href=\"#\" class=\"mt-icon-listgroup-title\" style=\"font-size: 20px; color: #ab3939\">Indirizzo<\/a><\/div><div class=\"mt-icon-listgroup-description\">\n                <p class=\"mt-icon-listgroup-text\" style=\"font-size: 15px; color: #666666\">Zona Produttiva Cardano, 21 - 39053 Cornedo all\u2019Isarco<\/p><\/div><\/div>\n\n              <\/div><\/div>[\/vc_column_inner][\/vc_row_inner][\/vc_column][\/vc_row][vc_row full_width=&#8221;stretch_row&#8221; css=&#8221;.vc_custom_1600089176353{margin-bottom: 0px !important;background-color: #ab3939 !important;}&#8221;][vc_column css=&#8221;.vc_custom_1544894527716{padding-top: 0px !important;}&#8221;][vc_row_inner css=&#8221;.vc_custom_1544894462530{margin-bottom: 0px !important;}&#8221;][vc_column_inner width=&#8221;2\/3&#8243; css=&#8221;.vc_custom_1545085551584{padding-top: 10px !important;}&#8221;][vc_custom_heading text=&#8221;Sie wollen sich beraten lassen?&#8221; font_container=&#8221;tag:h4|font_size:24px|text_align:left|color:%23ffffff|line_height:24px&#8221; use_theme_fonts=&#8221;yes&#8221; css=&#8221;.vc_custom_1652169173322{margin-top: 27px !important;margin-bottom: 0px !important;}&#8221; el_class=&#8221;needs-experience-consultant-heading&#8221;][\/vc_column_inner][vc_column_inner width=&#8221;1\/3&#8243; css=&#8221;.vc_custom_1545085569470{padding-top: 10px !important;}&#8221;]<style type=\"text\/css\">\n                .sweetthemes_button .btn_custom_69e36bc6a241d {\n                    background: rgba(255,255,255,0.99) !important;\n                }\n                .sweetthemes_button .btn_custom_69e36bc6a241d:hover {                   \n                    color: rgba(255,255,255,0.99) !important;                     \n                }\n                .sweetthemes_button .btn_custom_69e36bc6a241d:before {\n                    background: #000000 !important;\n                }\n\n              <\/style><div class=\"text-right sweetthemes_button \"><a target=\"_blank\" href=\"https:\/\/eurogestsrl.com\/de\/kontakt\/\" class=\"button-winona btn btn-sm btn_custom_69e36bc6a241d\" style=\"color:#000000\">\n    Kontaktieren Sie uns\n        <i class=\"fa fa-chevron-right\"><\/i>\n    <\/a><\/div>[\/vc_column_inner][\/vc_row_inner]<div class=\"st_particles_shortcode st_particles\"><div id=\"particles-js\"><\/div><\/div>[vc_empty_space height=&#8221;20px&#8221;][\/vc_column][\/vc_row]<\/p>\n<\/div>","protected":false},"excerpt":{"rendered":"<p>[vc_row css=&#8221;.vc_custom_1547915254529{padding-top: 100px !important;padding-bottom: 100px !important;}&#8221;][vc_column width=&#8221;2\/3&#8243;][vc_column_text]Bereits seit \u00fcber 30 Jahren haben wir ein erkl\u00e4rtes Ziel: uns in allen Belangen um unsere Kunden zu k\u00fcmmern und ihnen intelligente, effiziente L\u00f6sungen in den Bereichen Datenmanagement, physische und digitale Archivierung, Logistik, Back Office und E-Procurement anzubieten. Unser Blick ist stets auf die Zukunft gerichtet, wodurch wir jederzeit [&hellip;]<\/p>\n","protected":false},"author":1,"featured_media":0,"parent":0,"menu_order":0,"comment_status":"closed","ping_status":"closed","template":"","meta":{"inline_featured_image":false,"footnotes":""},"class_list":["post-2440","page","type-page","status-publish","hentry"],"_links":{"self":[{"href":"https:\/\/eurogestsrl.com\/de\/wp-json\/wp\/v2\/pages\/2440","targetHints":{"allow":["GET"]}}],"collection":[{"href":"https:\/\/eurogestsrl.com\/de\/wp-json\/wp\/v2\/pages"}],"about":[{"href":"https:\/\/eurogestsrl.com\/de\/wp-json\/wp\/v2\/types\/page"}],"author":[{"embeddable":true,"href":"https:\/\/eurogestsrl.com\/de\/wp-json\/wp\/v2\/users\/1"}],"replies":[{"embeddable":true,"href":"https:\/\/eurogestsrl.com\/de\/wp-json\/wp\/v2\/comments?post=2440"}],"version-history":[{"count":8,"href":"https:\/\/eurogestsrl.com\/de\/wp-json\/wp\/v2\/pages\/2440\/revisions"}],"predecessor-version":[{"id":2576,"href":"https:\/\/eurogestsrl.com\/de\/wp-json\/wp\/v2\/pages\/2440\/revisions\/2576"}],"wp:attachment":[{"href":"https:\/\/eurogestsrl.com\/de\/wp-json\/wp\/v2\/media?parent=2440"}],"curies":[{"name":"wp","href":"https:\/\/api.w.org\/{rel}","templated":true}]}}